{"id":3099,"date":"2022-09-06T01:07:27","date_gmt":"2022-09-06T05:07:27","guid":{"rendered":"https:\/\/resilioconsultores.com\/cursos\/?page_id=3099"},"modified":"2025-07-26T20:44:11","modified_gmt":"2025-07-27T00:44:11","slug":"gestion-seguridad-industrial","status":"publish","type":"page","link":"https:\/\/resilioconsultores.com\/cursos\/gestion-seguridad-industrial\/","title":{"rendered":"Gesti\u00f3n y Seguridad Industrial"},"content":{"rendered":"\t\t<div data-elementor-type=\"wp-page\" data-elementor-id=\"3099\" class=\"elementor elementor-3099\">\n\t\t\t\t\t\t\t\t\t<section class=\"elementor-section elementor-top-section elementor-element elementor-element-66b38008 elementor-section-height-min-height elementor-section-boxed elementor-section-height-default elementor-section-items-middle\" data-id=\"66b38008\" data-element_type=\"section\" data-settings=\"{&quot;background_background&quot;:&quot;slideshow&quot;,&quot;background_slideshow_gallery&quot;:[{&quot;id&quot;:2941,&quot;url&quot;:&quot;https:\\\/\\\/resilioconsultores.s3-accelerate.amazonaws.com\\\/2022\\\/09\\\/CURSOS-ONLINE-ISO-8.png&quot;},{&quot;id&quot;:2942,&quot;url&quot;:&quot;https:\\\/\\\/resilioconsultores.s3-accelerate.amazonaws.com\\\/2022\\\/09\\\/CURSOS-ONLINE-ISO-9.png&quot;},{&quot;id&quot;:2936,&quot;url&quot;:&quot;https:\\\/\\\/resilioconsultores.s3-accelerate.amazonaws.com\\\/2022\\\/09\\\/CURSOS-ONLINE-ISO-3.png&quot;}],&quot;background_slideshow_loop&quot;:&quot;yes&quot;,&quot;background_slideshow_slide_duration&quot;:5000,&quot;background_slideshow_slide_transition&quot;:&quot;fade&quot;,&quot;background_slideshow_transition_duration&quot;:500}\">\n\t\t\t\t\t\t\t<div class=\"elementor-background-overlay\"><\/div>\n\t\t\t\t\t\t\t<div class=\"elementor-container elementor-column-gap-default\">\n\t\t\t\t\t<div class=\"elementor-column elementor-col-100 elementor-top-column elementor-element elementor-element-7e533836\" data-id=\"7e533836\" data-element_type=\"column\">\n\t\t\t<div class=\"elementor-widget-wrap elementor-element-populated\">\n\t\t\t\t\t\t\t\t<div class=\"elementor-element elementor-element-6de08e92 elementor-widget elementor-widget-heading\" data-id=\"6de08e92\" data-element_type=\"widget\" data-widget_type=\"heading.default\">\n\t\t\t\t<div class=\"elementor-widget-container\">\n\t\t\t<style>\/*! elementor - v3.7.8 - 02-10-2022 *\/\n.elementor-heading-title{padding:0;margin:0;line-height:1}.elementor-widget-heading .elementor-heading-title[class*=elementor-size-]>a{color:inherit;font-size:inherit;line-height:inherit}.elementor-widget-heading .elementor-heading-title.elementor-size-small{font-size:15px}.elementor-widget-heading .elementor-heading-title.elementor-size-medium{font-size:19px}.elementor-widget-heading .elementor-heading-title.elementor-size-large{font-size:29px}.elementor-widget-heading .elementor-heading-title.elementor-size-xl{font-size:39px}.elementor-widget-heading .elementor-heading-title.elementor-size-xxl{font-size:59px}<\/style><h1 class=\"elementor-heading-title elementor-size-default\">CURSOS ONLINE<\/h1>\t\t<\/div>\n\t\t\t\t<\/div>\n\t\t\t\t<div class=\"elementor-element elementor-element-5e699087 elementor-widget elementor-widget-heading\" data-id=\"5e699087\" data-element_type=\"widget\" data-widget_type=\"heading.default\">\n\t\t\t\t<div class=\"elementor-widget-container\">\n\t\t\t<h3 class=\"elementor-heading-title elementor-size-default\">GESTI\u00d3N Y SEGURIDAD INDUSTRIAL<\/h3>\t\t<\/div>\n\t\t\t\t<\/div>\n\t\t\t\t\t<\/div>\n\t\t<\/div>\n\t\t\t\t\t\t\t<\/div>\n\t\t<\/section>\n\t\t\t\t<section class=\"elementor-section elementor-top-section elementor-element elementor-element-5bbb5fe6 elementor-section-full_width elementor-section-height-default elementor-section-height-default\" data-id=\"5bbb5fe6\" data-element_type=\"section\" data-settings=\"{&quot;background_background&quot;:&quot;classic&quot;}\">\n\t\t\t\t\t\t<div class=\"elementor-container elementor-column-gap-default\">\n\t\t\t\t\t<div class=\"elementor-column elementor-col-100 elementor-top-column elementor-element elementor-element-7a3972af\" data-id=\"7a3972af\" data-element_type=\"column\">\n\t\t\t<div class=\"elementor-widget-wrap\">\n\t\t\t\t\t\t\t\t\t<\/div>\n\t\t<\/div>\n\t\t\t\t\t\t\t<\/div>\n\t\t<\/section>\n\t\t\t\t<section class=\"elementor-section elementor-top-section elementor-element elementor-element-5517cffb elementor-section-boxed elementor-section-height-default elementor-section-height-default\" data-id=\"5517cffb\" data-element_type=\"section\">\n\t\t\t\t\t\t<div class=\"elementor-container elementor-column-gap-default\">\n\t\t\t\t\t<div class=\"elementor-column elementor-col-100 elementor-top-column elementor-element elementor-element-1b16a249\" data-id=\"1b16a249\" data-element_type=\"column\">\n\t\t\t<div class=\"elementor-widget-wrap elementor-element-populated\">\n\t\t\t\t\t\t\t\t<div class=\"elementor-element elementor-element-12354b47 elementor-widget elementor-widget-etlms-course-list tutor-addon etlms-course-list\" data-id=\"12354b47\" data-element_type=\"widget\" data-widget_type=\"etlms-course-list.default\">\n\t\t\t\t<div class=\"elementor-widget-container\">\n\t\t\t<div class=\"tutor-wrap tutor-courses-wrap tutor-container etlms-course-list-main-wrap\">\n\t\t\t\t\t<div class=\"etlms-course-list-loop-wrap tutor-course-list tutor-grid tutor-grid-1\">\n\t\t\t\t\t\t\t<div class=\"etlms-course-list-col\">\n\t\t\t\t\t<div class=\"tutor-card tutor-course-card tutor-loop-course-container  etlms-has-hover-animation\">\n    <div class=\"tutor-row tutor-gx-0\">\n        <div class=\"tutor-col-lg-4\">\n                    <div class=\"tutor-course-thumbnail\">\n        <a href=\"https:\/\/resilioconsultores.com\/cursos\/courses\/seguridad-higiene-y-ambiente-modulo-2-marco-juridico\/\" class=\"tutor-d-block\">\n            <div class=\"tutor-ratio tutor-ratio-4x3\">\n                <img class=\"tutor-card-image-top\" src=\"https:\/\/resilioconsultores.s3-accelerate.amazonaws.com\/2022\/02\/Diseno-sin-titulo-1.png\" alt=\"Seguridad, Higiene y Ambiente. Modulo 2 Marco Jur\u00eddico\" loading=\"lazy\">\n            <\/div>\n        <\/a>\n    <\/div>\n<div class=\"tutor-course-bookmark\">\n    <span class=\"cart-required-login save-bookmark-btn tutor-iconic-btn tutor-iconic-btn-secondary\" data-course-id=\"1846\" role=\"button\">\n            <i class=\"tutor-icon-bookmark-line\"><\/i>\n        <\/span><\/div>\n\t<span class=\"tutor-course-difficulty-level\">\n        Principiante    <\/span>\n        <\/div>\n\n        <div class=\"tutor-col-lg-8 tutor-d-flex tutor-flex-column\">\n            <div class=\"tutor-card-body\">\n                <div class=\"tutor-course-ratings tutor-mb-8\">\n    <div class=\"tutor-ratings\">\n        <div class=\"tutor-ratings-stars\">\n            <span class=\"tutor-icon-star-bold\" data-rating-value=\"1\"><\/span><span class=\"tutor-icon-star-bold\" data-rating-value=\"2\"><\/span><span class=\"tutor-icon-star-bold\" data-rating-value=\"3\"><\/span><span class=\"tutor-icon-star-bold\" data-rating-value=\"4\"><\/span><span class=\"tutor-icon-star-bold\" data-rating-value=\"5\"><\/span>        <\/div>\n\n                    <div class=\"tutor-ratings-average\">5.00<\/div>\n            <div class=\"tutor-ratings-count\">(7)<\/div>\n            <\/div>\n<\/div>\n<h3 class=\"tutor-course-name tutor-fs-5 tutor-fw-medium tutor-mb-12\" title=\"Seguridad, Higiene y Ambiente. Modulo 2 Marco Jur\u00eddico\">\n    <a href=\"https:\/\/resilioconsultores.com\/cursos\/courses\/seguridad-higiene-y-ambiente-modulo-2-marco-juridico\/\">Seguridad, Higiene y Ambiente. Modulo 2 Marco Jur\u00eddico<\/a>\n<\/h3>\n<div class=\"tutor-meta tutor-mt-auto\">\n    \n    <div>\n                <span class=\"etlms-course-author-meta tutor-meta-key\">Por<\/span>\n        <a class=\"etlms-course-author-meta tutor-meta-value\" href=\"https:\/\/resilioconsultores.com\/cursos\/profile\/adrianatorres?view=instructor\">Adriana Torres<\/a>\n        \n                    <span class=\"etlms-course-category-meta tutor-meta-key\">en<\/span>\n            <a class=\"etlms-course-category-meta tutor-meta-value\" href=\"https:\/\/resilioconsultores.com\/cursos\/course-category\/gestion-seguridad-industrial\/\">GESTI\u00d3N Y SEGURIDAD INDUSTRIAL<\/a>            <\/div>\n<\/div>\n            <\/div>\n\n            <div class=\"tutor-card-footer\">\n    <div class=\" tutor-d-flex tutor-align-center tutor-justify-between \"><div class=\"list-item-price tutor-d-flex tutor-align-center\"> <span class=\"price tutor-fs-6 tutor-fw-bold tutor-color-black\"><span class=\"woocommerce-Price-amount amount\"><bdi><span class=\"woocommerce-Price-currencySymbol\">&#36;<\/span>67.00<\/bdi><\/span> <\/span><\/div><div class=\"list-item-button\"> \n\t<a href=\"?add-to-cart=1886\" data-quantity=\"1\" class=\"tutor-btn tutor-btn-outline-primary tutor-btn-md tutor-btn-block  product_type_simple add_to_cart_button  tutor-open-login-modal\" data-product_id=\"1886\" data-product_sku=\"\" aria-label=\"A\u00f1ade &ldquo;Seguridad, Higiene y Ambiente. Modulo 2 Marco Jur\u00eddico&rdquo; a tu carrito\" rel=\"nofollow\"><span class=\"tutor-icon-cart-line tutor-mr-8\"><\/span><span class=\"cart-text\">Hacer este curso<\/span><\/a>\n <\/div><\/div><\/div>\n        <\/div>\n    <\/div>\n<\/div>\t\t\t\t<\/div>\n\t\t\t\t\t\t\t<div class=\"etlms-course-list-col\">\n\t\t\t\t\t<div class=\"tutor-card tutor-course-card tutor-loop-course-container  etlms-has-hover-animation\">\n    <div class=\"tutor-row tutor-gx-0\">\n        <div class=\"tutor-col-lg-4\">\n                    <div class=\"tutor-course-thumbnail\">\n        <a href=\"https:\/\/resilioconsultores.com\/cursos\/courses\/seguridad-higiene-y-ambiente-modulo-1-fundamentos\/\" class=\"tutor-d-block\">\n            <div class=\"tutor-ratio tutor-ratio-4x3\">\n                <img class=\"tutor-card-image-top\" src=\"https:\/\/resilioconsultores.s3-accelerate.amazonaws.com\/2022\/02\/Diseno-sin-titulo-3.png\" alt=\"Seguridad, Higiene y Ambiente. M\u00f3dulo 1 Fundamentos\" loading=\"lazy\">\n            <\/div>\n        <\/a>\n    <\/div>\n<div class=\"tutor-course-bookmark\">\n    <span class=\"cart-required-login save-bookmark-btn tutor-iconic-btn tutor-iconic-btn-secondary\" data-course-id=\"1306\" role=\"button\">\n            <i class=\"tutor-icon-bookmark-line\"><\/i>\n        <\/span><\/div>\n\t<span class=\"tutor-course-difficulty-level\">\n        Principiante    <\/span>\n        <\/div>\n\n        <div class=\"tutor-col-lg-8 tutor-d-flex tutor-flex-column\">\n            <div class=\"tutor-card-body\">\n                <div class=\"tutor-course-ratings tutor-mb-8\">\n    <div class=\"tutor-ratings\">\n        <div class=\"tutor-ratings-stars\">\n            <span class=\"tutor-icon-star-bold\" data-rating-value=\"1\"><\/span><span class=\"tutor-icon-star-bold\" data-rating-value=\"2\"><\/span><span class=\"tutor-icon-star-bold\" data-rating-value=\"3\"><\/span><span class=\"tutor-icon-star-bold\" data-rating-value=\"4\"><\/span><span class=\"tutor-icon-star-bold\" data-rating-value=\"5\"><\/span>        <\/div>\n\n                    <div class=\"tutor-ratings-average\">5.00<\/div>\n            <div class=\"tutor-ratings-count\">(34)<\/div>\n            <\/div>\n<\/div>\n<h3 class=\"tutor-course-name tutor-fs-5 tutor-fw-medium tutor-mb-12\" title=\"Seguridad, Higiene y Ambiente. M\u00f3dulo 1 Fundamentos\">\n    <a href=\"https:\/\/resilioconsultores.com\/cursos\/courses\/seguridad-higiene-y-ambiente-modulo-1-fundamentos\/\">Seguridad, Higiene y Ambiente. M\u00f3dulo 1 Fundamentos<\/a>\n<\/h3>\n<div class=\"tutor-meta tutor-mt-auto\">\n    \n    <div>\n                <span class=\"etlms-course-author-meta tutor-meta-key\">Por<\/span>\n        <a class=\"etlms-course-author-meta tutor-meta-value\" href=\"https:\/\/resilioconsultores.com\/cursos\/profile\/adrianatorres?view=instructor\">Adriana Torres<\/a>\n        \n                    <span class=\"etlms-course-category-meta tutor-meta-key\">en<\/span>\n            <a class=\"etlms-course-category-meta tutor-meta-value\" href=\"https:\/\/resilioconsultores.com\/cursos\/course-category\/gestion-seguridad-industrial\/\">GESTI\u00d3N Y SEGURIDAD INDUSTRIAL<\/a>            <\/div>\n<\/div>\n            <\/div>\n\n            <div class=\"tutor-card-footer\">\n    <div class=\" tutor-d-flex tutor-align-center tutor-justify-between \"><div class=\"list-item-price tutor-d-flex tutor-align-center\"> <span class=\"price tutor-fs-6 tutor-fw-bold tutor-color-black\"><span class=\"woocommerce-Price-amount amount\"><bdi><span class=\"woocommerce-Price-currencySymbol\">&#36;<\/span>47.00<\/bdi><\/span> <\/span><\/div><div class=\"list-item-button\"> \n\t<a href=\"?add-to-cart=1488\" data-quantity=\"1\" class=\"tutor-btn tutor-btn-outline-primary tutor-btn-md tutor-btn-block  product_type_simple add_to_cart_button  tutor-open-login-modal\" data-product_id=\"1488\" data-product_sku=\"\" aria-label=\"A\u00f1ade &ldquo;Seguridad, Higiene y Ambiente. M\u00f3dulo 1 Fundamentos&rdquo; a tu carrito\" rel=\"nofollow\"><span class=\"tutor-icon-cart-line tutor-mr-8\"><\/span><span class=\"cart-text\">Hacer este curso<\/span><\/a>\n <\/div><\/div><\/div>\n        <\/div>\n    <\/div>\n<\/div>\t\t\t\t<\/div>\n\t\t\t\t\t<\/div>\n\n\t\t\t\t\t\t\t<div class=\"etlms-course-list-pagination-wrap tutor-mt-32\">\n\t\t\t<div class=\"etlms-pagination prev-next\">\n\t\t\t\t\n\t\t\t\t\t\n\t\t\t\t\t\t<\/div>\n\t\t\t\t<\/div>\n<div class=\"tutor-modal tutor-login-modal\">\n    <div class=\"tutor-modal-overlay\"><\/div>\n    <div class=\"tutor-modal-window tutor-modal-window-sm\">\n        <div class=\"tutor-modal-content tutor-modal-content-white\">\n            <button class=\"tutor-iconic-btn tutor-modal-close-o\" data-tutor-modal-close>\n                <span class=\"tutor-icon-times\" area-hidden=\"true\"><\/span>\n            <\/button>\n\n            <div class=\"tutor-modal-body\">\n                <div class=\"tutor-py-48\">\n                                        <div class=\"tutor-fs-4 tutor-fw-medium tutor-color-black tutor-mb-32\">\u00a1Hola, bienvenido de nuevo!<\/div>\n                    <form id=\"tutor-login-form\" method=\"post\">\n\t\t\n\t<input type=\"hidden\" name=\"tutor_action\" value=\"tutor_user_login\" \/>\n\t<input type=\"hidden\" name=\"redirect_to\" value=\"https:\/\/resilioconsultores.com\/cursos\/wp-json\/wp\/v2\/pages\/3099\" \/>\n\n\t<div class=\"tutor-mb-20\">\n\t\t<input type=\"text\" class=\"tutor-form-control\" placeholder=\"Nombre de usuario o correo electr\u00f3nico\" name=\"log\" value=\"\" size=\"20\" \/>\n\t<\/div>\n\n\t<div class=\"tutor-mb-32\">\n\t\t<input type=\"password\" class=\"tutor-form-control\" placeholder=\"Contrase\u00f1a\" name=\"pwd\" value=\"\" size=\"20\" \/>\n\t<\/div>\n\n\t<div class=\"tutor-login-error\"><\/div>\n\t\t<div class=\"tutor-d-flex tutor-justify-between tutor-align-center tutor-mb-40\">\n\t\t<div class=\"tutor-form-check\">\n\t\t\t<input id=\"tutor-login-agmnt-1\" type=\"checkbox\" class=\"tutor-form-check-input tutor-bg-black-40\" name=\"rememberme\" value=\"forever\" \/>\n\t\t\t<label for=\"tutor-login-agmnt-1\" class=\"tutor-fs-7 tutor-color-muted\">\n\t\t\t\tMantenerme conectado\t\t\t<\/label>\n\t\t<\/div>\n\t\t<a href=\"https:\/\/resilioconsultores.com\/cursos\/escritorio\/retrieve-password\" class=\"tutor-btn tutor-btn-ghost\">\n\t\t\t\u00bfContrase\u00f1a olvidada?\t\t<\/a>\n\t<\/div>\n\n\t\t<button type=\"submit\" class=\"tutor-btn tutor-btn-primary tutor-btn-block\">\n\t\tAcceder\t<\/button>\n\t\t\t\t\t<div class=\"tutor-text-center tutor-fs-6 tutor-color-secondary tutor-mt-20\">\n\t\t\t\u00bfNo tienes una cuenta?&nbsp;\n\t\t\t<a href=\"https:\/\/resilioconsultores.com\/cursos\/registro-de-estudiante\/?redirect_to=https:\/\/resilioconsultores.com\/cursos\/wp-json\/wp\/v2\/pages\/3099\" class=\"tutor-btn tutor-btn-link\">\n\t\t\t\tRegister Now\t\t\t<\/a>\n\t\t<\/div>\n\t<\/form>\n\n                                    <\/div>\n            <\/div>\n        <\/div>\n    <\/div>\n<\/div>\t\t<\/div>\n\t\t\t\t<\/div>\n\t\t\t\t\t<\/div>\n\t\t<\/div>\n\t\t\t\t\t\t\t<\/div>\n\t\t<\/section>\n\t\t\t\t\t\t\t<\/div>\n\t\t","protected":false},"excerpt":{"rendered":"<p>CURSOS ONLINE GESTI\u00d3N Y SEGURIDAD INDUSTRIAL Principiante 5.00 (7) Seguridad, Higiene y Ambiente. Modulo 2 Marco Jur\u00eddico Por Adriana Torres en GESTI\u00d3N Y SEGURIDAD INDUSTRIAL Empezar el aprendizaje Principiante 5.00 (34) Seguridad, Higiene y Ambiente. M\u00f3dulo 1 Fundamentos Por Adriana Torres en GESTI\u00d3N Y SEGURIDAD INDUSTRIAL Descargar Aqu\u00ed<\/p>\n","protected":false},"author":1,"featured_media":0,"parent":0,"menu_order":3,"comment_status":"closed","ping_status":"closed","template":"","meta":[],"yoast_head":"<!-- This site is optimized with the Yoast SEO Premium plugin v16.7 (Yoast SEO v19.8) - https:\/\/yoast.com\/wordpress\/plugins\/seo\/ -->\n<title>Gesti\u00f3n y Seguridad Industrial - Academia Virtual<\/title>\n<meta name=\"robots\" content=\"index, follow, max-snippet:-1, max-image-preview:large, max-video-preview:-1\" \/>\n<link rel=\"canonical\" href=\"https:\/\/resilioconsultores.com\/cursos\/gestion-seguridad-industrial\/\" \/>\n<meta property=\"og:locale\" content=\"es_ES\" \/>\n<meta property=\"og:type\" content=\"article\" \/>\n<meta property=\"og:title\" content=\"Gesti\u00f3n y Seguridad Industrial\" \/>\n<meta property=\"og:description\" content=\"CURSOS ONLINE GESTI\u00d3N Y SEGURIDAD INDUSTRIAL Principiante 5.00 (7) Seguridad, Higiene y Ambiente. Modulo 2 Marco Jur\u00eddico Por Adriana Torres en GESTI\u00d3N Y SEGURIDAD INDUSTRIAL Empezar el aprendizaje Principiante 5.00 (34) Seguridad, Higiene y Ambiente. M\u00f3dulo 1 Fundamentos Por Adriana Torres en GESTI\u00d3N Y SEGURIDAD INDUSTRIAL Descargar Aqu\u00ed\" \/>\n<meta property=\"og:url\" content=\"https:\/\/resilioconsultores.com\/cursos\/gestion-seguridad-industrial\/\" \/>\n<meta property=\"og:site_name\" content=\"Academia Virtual\" \/>\n<meta property=\"article:modified_time\" content=\"2025-07-27T00:44:11+00:00\" \/>\n<meta property=\"og:image\" content=\"https:\/\/resilioconsultores.s3-accelerate.amazonaws.com\/2022\/02\/Diseno-sin-titulo-1.png\" \/>\n<meta name=\"twitter:card\" content=\"summary_large_image\" \/>\n<meta name=\"twitter:label1\" content=\"Tiempo de lectura\" \/>\n\t<meta name=\"twitter:data1\" content=\"1 minuto\" \/>\n<script type=\"application\/ld+json\" class=\"yoast-schema-graph\">{\"@context\":\"https:\/\/schema.org\",\"@graph\":[{\"@type\":\"WebPage\",\"@id\":\"https:\/\/resilioconsultores.com\/cursos\/gestion-seguridad-industrial\/\",\"url\":\"https:\/\/resilioconsultores.com\/cursos\/gestion-seguridad-industrial\/\",\"name\":\"Gesti\u00f3n y Seguridad Industrial - Academia Virtual\",\"isPartOf\":{\"@id\":\"https:\/\/resilioconsultores.com\/cursos\/#website\"},\"datePublished\":\"2022-09-06T05:07:27+00:00\",\"dateModified\":\"2025-07-27T00:44:11+00:00\",\"breadcrumb\":{\"@id\":\"https:\/\/resilioconsultores.com\/cursos\/gestion-seguridad-industrial\/#breadcrumb\"},\"inLanguage\":\"es\",\"potentialAction\":[{\"@type\":\"ReadAction\",\"target\":[\"https:\/\/resilioconsultores.com\/cursos\/gestion-seguridad-industrial\/\"]}]},{\"@type\":\"BreadcrumbList\",\"@id\":\"https:\/\/resilioconsultores.com\/cursos\/gestion-seguridad-industrial\/#breadcrumb\",\"itemListElement\":[{\"@type\":\"ListItem\",\"position\":1,\"name\":\"Home\",\"item\":\"https:\/\/resilioconsultores.com\/cursos\/\"},{\"@type\":\"ListItem\",\"position\":2,\"name\":\"Gesti\u00f3n y Seguridad Industrial\"}]},{\"@type\":\"WebSite\",\"@id\":\"https:\/\/resilioconsultores.com\/cursos\/#website\",\"url\":\"https:\/\/resilioconsultores.com\/cursos\/\",\"name\":\"Academia Virtual\",\"description\":\"Formaci\u00f3n de Alto Valor\",\"publisher\":{\"@id\":\"https:\/\/resilioconsultores.com\/cursos\/#organization\"},\"potentialAction\":[{\"@type\":\"SearchAction\",\"target\":{\"@type\":\"EntryPoint\",\"urlTemplate\":\"https:\/\/resilioconsultores.com\/cursos\/?s={search_term_string}\"},\"query-input\":\"required name=search_term_string\"}],\"inLanguage\":\"es\"},{\"@type\":\"Organization\",\"@id\":\"https:\/\/resilioconsultores.com\/cursos\/#organization\",\"name\":\"Academia Virtual\",\"url\":\"https:\/\/resilioconsultores.com\/cursos\/\",\"sameAs\":[],\"logo\":{\"@type\":\"ImageObject\",\"inLanguage\":\"es\",\"@id\":\"https:\/\/resilioconsultores.com\/cursos\/#\/schema\/logo\/image\/\",\"url\":\"https:\/\/resilioconsultores.s3-accelerate.amazonaws.com\/2021\/08\/cropped-LOGO-RESILIO-PARA-WEB.png\",\"contentUrl\":\"https:\/\/resilioconsultores.s3-accelerate.amazonaws.com\/2021\/08\/cropped-LOGO-RESILIO-PARA-WEB.png\",\"width\":333,\"height\":221,\"caption\":\"Academia Virtual\"},\"image\":{\"@id\":\"https:\/\/resilioconsultores.com\/cursos\/#\/schema\/logo\/image\/\"}}]}<\/script>\n<!-- \/ Yoast SEO Premium plugin. -->","yoast_head_json":{"title":"Gesti\u00f3n y Seguridad Industrial - Academia Virtual","robots":{"index":"index","follow":"follow","max-snippet":"max-snippet:-1","max-image-preview":"max-image-preview:large","max-video-preview":"max-video-preview:-1"},"canonical":"https:\/\/resilioconsultores.com\/cursos\/gestion-seguridad-industrial\/","og_locale":"es_ES","og_type":"article","og_title":"Gesti\u00f3n y Seguridad Industrial","og_description":"CURSOS ONLINE GESTI\u00d3N Y SEGURIDAD INDUSTRIAL Principiante 5.00 (7) Seguridad, Higiene y Ambiente. Modulo 2 Marco Jur\u00eddico Por Adriana Torres en GESTI\u00d3N Y SEGURIDAD INDUSTRIAL Empezar el aprendizaje Principiante 5.00 (34) Seguridad, Higiene y Ambiente. M\u00f3dulo 1 Fundamentos Por Adriana Torres en GESTI\u00d3N Y SEGURIDAD INDUSTRIAL Descargar Aqu\u00ed","og_url":"https:\/\/resilioconsultores.com\/cursos\/gestion-seguridad-industrial\/","og_site_name":"Academia Virtual","article_modified_time":"2025-07-27T00:44:11+00:00","og_image":[{"url":"https:\/\/resilioconsultores.s3-accelerate.amazonaws.com\/2022\/02\/Diseno-sin-titulo-1.png"}],"twitter_card":"summary_large_image","twitter_misc":{"Tiempo de lectura":"1 minuto"},"schema":{"@context":"https:\/\/schema.org","@graph":[{"@type":"WebPage","@id":"https:\/\/resilioconsultores.com\/cursos\/gestion-seguridad-industrial\/","url":"https:\/\/resilioconsultores.com\/cursos\/gestion-seguridad-industrial\/","name":"Gesti\u00f3n y Seguridad Industrial - Academia Virtual","isPartOf":{"@id":"https:\/\/resilioconsultores.com\/cursos\/#website"},"datePublished":"2022-09-06T05:07:27+00:00","dateModified":"2025-07-27T00:44:11+00:00","breadcrumb":{"@id":"https:\/\/resilioconsultores.com\/cursos\/gestion-seguridad-industrial\/#breadcrumb"},"inLanguage":"es","potentialAction":[{"@type":"ReadAction","target":["https:\/\/resilioconsultores.com\/cursos\/gestion-seguridad-industrial\/"]}]},{"@type":"BreadcrumbList","@id":"https:\/\/resilioconsultores.com\/cursos\/gestion-seguridad-industrial\/#breadcrumb","itemListElement":[{"@type":"ListItem","position":1,"name":"Home","item":"https:\/\/resilioconsultores.com\/cursos\/"},{"@type":"ListItem","position":2,"name":"Gesti\u00f3n y Seguridad Industrial"}]},{"@type":"WebSite","@id":"https:\/\/resilioconsultores.com\/cursos\/#website","url":"https:\/\/resilioconsultores.com\/cursos\/","name":"Academia Virtual","description":"Formaci\u00f3n de Alto Valor","publisher":{"@id":"https:\/\/resilioconsultores.com\/cursos\/#organization"},"potentialAction":[{"@type":"SearchAction","target":{"@type":"EntryPoint","urlTemplate":"https:\/\/resilioconsultores.com\/cursos\/?s={search_term_string}"},"query-input":"required name=search_term_string"}],"inLanguage":"es"},{"@type":"Organization","@id":"https:\/\/resilioconsultores.com\/cursos\/#organization","name":"Academia Virtual","url":"https:\/\/resilioconsultores.com\/cursos\/","sameAs":[],"logo":{"@type":"ImageObject","inLanguage":"es","@id":"https:\/\/resilioconsultores.com\/cursos\/#\/schema\/logo\/image\/","url":"https:\/\/resilioconsultores.s3-accelerate.amazonaws.com\/2021\/08\/cropped-LOGO-RESILIO-PARA-WEB.png","contentUrl":"https:\/\/resilioconsultores.s3-accelerate.amazonaws.com\/2021\/08\/cropped-LOGO-RESILIO-PARA-WEB.png","width":333,"height":221,"caption":"Academia Virtual"},"image":{"@id":"https:\/\/resilioconsultores.com\/cursos\/#\/schema\/logo\/image\/"}}]}},"_links":{"self":[{"href":"https:\/\/resilioconsultores.com\/cursos\/wp-json\/wp\/v2\/pages\/3099"}],"collection":[{"href":"https:\/\/resilioconsultores.com\/cursos\/wp-json\/wp\/v2\/pages"}],"about":[{"href":"https:\/\/resilioconsultores.com\/cursos\/wp-json\/wp\/v2\/types\/page"}],"author":[{"embeddable":true,"href":"https:\/\/resilioconsultores.com\/cursos\/wp-json\/wp\/v2\/users\/1"}],"replies":[{"embeddable":true,"href":"https:\/\/resilioconsultores.com\/cursos\/wp-json\/wp\/v2\/comments?post=3099"}],"version-history":[{"count":0,"href":"https:\/\/resilioconsultores.com\/cursos\/wp-json\/wp\/v2\/pages\/3099\/revisions"}],"wp:attachment":[{"href":"https:\/\/resilioconsultores.com\/cursos\/wp-json\/wp\/v2\/media?parent=3099"}],"curies":[{"name":"wp","href":"https:\/\/api.w.org\/{rel}","templated":true}]}}