{"id":8,"date":"2020-11-25T17:21:32","date_gmt":"2020-11-25T21:21:32","guid":{"rendered":"https:\/\/resilioconsultores.com\/cursos\/registro-de-estudiante\/"},"modified":"2021-08-12T19:57:12","modified_gmt":"2021-08-12T23:57:12","slug":"registro-de-estudiante","status":"publish","type":"page","link":"https:\/\/resilioconsultores.com\/cursos\/registro-de-estudiante\/","title":{"rendered":"Registro de Estudiante"},"content":{"rendered":"\n\n\n    <form method=\"post\" enctype=\"multipart\/form-data\" id=\"tutor-registration-from\">\n        <input type=\"hidden\" name=\"tutor_course_enroll_attempt\" value=\"\">\n        \n        <input type=\"hidden\" id=\"_tutor_nonce\" name=\"_tutor_nonce\" value=\"47f9a40147\" \/><input type=\"hidden\" name=\"_wp_http_referer\" value=\"\/cursos\/wp-json\/wp\/v2\/pages\/8\" \/>        <input type=\"hidden\" value=\"tutor_register_student\" name=\"tutor_action\"\/>\n\n        \n        <div class=\"tutor-form-row\">\n            <div class=\"tutor-form-col-6\">\n                <div class=\"tutor-form-group\">\n                    <label>\n                        Nombre                    <\/label>\n\n                    <input type=\"text\" name=\"first_name\" value=\"\" placeholder=\"Nombre\" required autocomplete=\"given-name\">\n                <\/div>\n            <\/div>\n\n            <div class=\"tutor-form-col-6\">\n                <div class=\"tutor-form-group\">\n                    <label>\n                        Apellidos                    <\/label>\n\n                    <input type=\"text\" name=\"last_name\" value=\"\" placeholder=\"Apellidos\" required autocomplete=\"family-name\">\n                <\/div>\n            <\/div>\n\n        <\/div>\n\n        <div class=\"tutor-form-row\">\n            <div class=\"tutor-form-col-6\">\n                <div class=\"tutor-form-group\">\n                    <label>\n                        Nombre de usuario                    <\/label>\n\n                    <input type=\"text\" name=\"user_login\" class=\"tutor_user_name\" value=\"\" placeholder=\"Nombre de usuario\" required autocomplete=\"username\">\n                <\/div>\n            <\/div>\n\n            <div class=\"tutor-form-col-6\">\n                <div class=\"tutor-form-group\">\n                    <label>\n                        Correo electr\u00f3nico                    <\/label>\n\n                    <input type=\"text\" name=\"email\" value=\"\" placeholder=\"Correo electr\u00f3nico\" required autocomplete=\"email\">\n                <\/div>\n            <\/div>\n\n        <\/div>\n\n        <div class=\"tutor-form-row\">\n            <div class=\"tutor-form-col-6\">\n                <div class=\"tutor-form-group\">\n                    <label>\n                        Contrase\u00f1a                    <\/label>\n\n                    <input type=\"password\" name=\"password\" value=\"\" placeholder=\"Contrase\u00f1a\" required autocomplete=\"new-password\">\n                <\/div>\n            <\/div>\n\n            <div class=\"tutor-form-col-6\">\n                <div class=\"tutor-form-group\">\n                    <label>\n                        Confirmaci\u00f3n de contrase\u00f1a                    <\/label>\n\n                    <input type=\"password\" name=\"password_confirmation\" value=\"\" placeholder=\"Confirmaci\u00f3n de contrase\u00f1a\" required autocomplete=\"new-password\">\n                <\/div>\n            <\/div>\n        <\/div>\n\n\n        <div class=\"tutor-form-row\">\n            <div class=\"tutor-form-col-12\">\n                <div class=\"tutor-form-group\">\n                                <\/div>\n            <\/div>\n        <\/div>    \n\n        \n                \n        \n        <div>\n            <button type=\"submit\" name=\"tutor_register_student_btn\" value=\"register\" class=\"tutor-btn tutor-btn-primary\">Reg\u00edstrate<\/button>\n        <\/div>\n\n    <\/form>\n    ","protected":false},"excerpt":{"rendered":"<p>Nombre Apellidos Nombre de usuario Correo electr\u00f3nico Contrase\u00f1a Confirmaci\u00f3n de contrase\u00f1a Reg\u00edstrate<\/p>\n","protected":false},"author":1,"featured_media":0,"parent":0,"menu_order":16,"comment_status":"closed","ping_status":"closed","template":"","meta":[],"yoast_head":"<!-- This site is optimized with the Yoast SEO Premium plugin v16.7 (Yoast SEO v19.8) - https:\/\/yoast.com\/wordpress\/plugins\/seo\/ -->\n<title>Registro de Estudiante - Academia Virtual<\/title>\n<meta name=\"robots\" content=\"index, follow, max-snippet:-1, max-image-preview:large, max-video-preview:-1\" \/>\n<link rel=\"canonical\" href=\"https:\/\/resilioconsultores.com\/cursos\/registro-de-estudiante\/\" \/>\n<meta property=\"og:locale\" content=\"es_ES\" \/>\n<meta property=\"og:type\" content=\"article\" \/>\n<meta property=\"og:title\" content=\"Registro de Estudiante\" \/>\n<meta property=\"og:description\" content=\"Nombre Apellidos Nombre de usuario Correo electr\u00f3nico Contrase\u00f1a Confirmaci\u00f3n de contrase\u00f1a Reg\u00edstrate\" \/>\n<meta property=\"og:url\" content=\"https:\/\/resilioconsultores.com\/cursos\/registro-de-estudiante\/\" \/>\n<meta property=\"og:site_name\" content=\"Academia Virtual\" \/>\n<meta property=\"article:modified_time\" content=\"2021-08-12T23:57:12+00:00\" \/>\n<meta name=\"twitter:card\" content=\"summary_large_image\" \/>\n<script type=\"application\/ld+json\" class=\"yoast-schema-graph\">{\"@context\":\"https:\/\/schema.org\",\"@graph\":[{\"@type\":\"WebPage\",\"@id\":\"https:\/\/resilioconsultores.com\/cursos\/registro-de-estudiante\/\",\"url\":\"https:\/\/resilioconsultores.com\/cursos\/registro-de-estudiante\/\",\"name\":\"Registro de Estudiante - Academia Virtual\",\"isPartOf\":{\"@id\":\"https:\/\/resilioconsultores.com\/cursos\/#website\"},\"datePublished\":\"2020-11-25T21:21:32+00:00\",\"dateModified\":\"2021-08-12T23:57:12+00:00\",\"breadcrumb\":{\"@id\":\"https:\/\/resilioconsultores.com\/cursos\/registro-de-estudiante\/#breadcrumb\"},\"inLanguage\":\"es\",\"potentialAction\":[{\"@type\":\"ReadAction\",\"target\":[\"https:\/\/resilioconsultores.com\/cursos\/registro-de-estudiante\/\"]}]},{\"@type\":\"BreadcrumbList\",\"@id\":\"https:\/\/resilioconsultores.com\/cursos\/registro-de-estudiante\/#breadcrumb\",\"itemListElement\":[{\"@type\":\"ListItem\",\"position\":1,\"name\":\"Home\",\"item\":\"https:\/\/resilioconsultores.com\/cursos\/\"},{\"@type\":\"ListItem\",\"position\":2,\"name\":\"Registro de Estudiante\"}]},{\"@type\":\"WebSite\",\"@id\":\"https:\/\/resilioconsultores.com\/cursos\/#website\",\"url\":\"https:\/\/resilioconsultores.com\/cursos\/\",\"name\":\"Academia Virtual\",\"description\":\"Formaci\u00f3n de Alto Valor\",\"publisher\":{\"@id\":\"https:\/\/resilioconsultores.com\/cursos\/#organization\"},\"potentialAction\":[{\"@type\":\"SearchAction\",\"target\":{\"@type\":\"EntryPoint\",\"urlTemplate\":\"https:\/\/resilioconsultores.com\/cursos\/?s={search_term_string}\"},\"query-input\":\"required name=search_term_string\"}],\"inLanguage\":\"es\"},{\"@type\":\"Organization\",\"@id\":\"https:\/\/resilioconsultores.com\/cursos\/#organization\",\"name\":\"Academia Virtual\",\"url\":\"https:\/\/resilioconsultores.com\/cursos\/\",\"sameAs\":[],\"logo\":{\"@type\":\"ImageObject\",\"inLanguage\":\"es\",\"@id\":\"https:\/\/resilioconsultores.com\/cursos\/#\/schema\/logo\/image\/\",\"url\":\"https:\/\/resilioconsultores.s3-accelerate.amazonaws.com\/2021\/08\/cropped-LOGO-RESILIO-PARA-WEB.png\",\"contentUrl\":\"https:\/\/resilioconsultores.s3-accelerate.amazonaws.com\/2021\/08\/cropped-LOGO-RESILIO-PARA-WEB.png\",\"width\":333,\"height\":221,\"caption\":\"Academia Virtual\"},\"image\":{\"@id\":\"https:\/\/resilioconsultores.com\/cursos\/#\/schema\/logo\/image\/\"}}]}<\/script>\n<!-- \/ Yoast SEO Premium plugin. -->","yoast_head_json":{"title":"Registro de Estudiante - Academia Virtual","robots":{"index":"index","follow":"follow","max-snippet":"max-snippet:-1","max-image-preview":"max-image-preview:large","max-video-preview":"max-video-preview:-1"},"canonical":"https:\/\/resilioconsultores.com\/cursos\/registro-de-estudiante\/","og_locale":"es_ES","og_type":"article","og_title":"Registro de Estudiante","og_description":"Nombre Apellidos Nombre de usuario Correo electr\u00f3nico Contrase\u00f1a Confirmaci\u00f3n de contrase\u00f1a Reg\u00edstrate","og_url":"https:\/\/resilioconsultores.com\/cursos\/registro-de-estudiante\/","og_site_name":"Academia Virtual","article_modified_time":"2021-08-12T23:57:12+00:00","twitter_card":"summary_large_image","schema":{"@context":"https:\/\/schema.org","@graph":[{"@type":"WebPage","@id":"https:\/\/resilioconsultores.com\/cursos\/registro-de-estudiante\/","url":"https:\/\/resilioconsultores.com\/cursos\/registro-de-estudiante\/","name":"Registro de Estudiante - Academia Virtual","isPartOf":{"@id":"https:\/\/resilioconsultores.com\/cursos\/#website"},"datePublished":"2020-11-25T21:21:32+00:00","dateModified":"2021-08-12T23:57:12+00:00","breadcrumb":{"@id":"https:\/\/resilioconsultores.com\/cursos\/registro-de-estudiante\/#breadcrumb"},"inLanguage":"es","potentialAction":[{"@type":"ReadAction","target":["https:\/\/resilioconsultores.com\/cursos\/registro-de-estudiante\/"]}]},{"@type":"BreadcrumbList","@id":"https:\/\/resilioconsultores.com\/cursos\/registro-de-estudiante\/#breadcrumb","itemListElement":[{"@type":"ListItem","position":1,"name":"Home","item":"https:\/\/resilioconsultores.com\/cursos\/"},{"@type":"ListItem","position":2,"name":"Registro de Estudiante"}]},{"@type":"WebSite","@id":"https:\/\/resilioconsultores.com\/cursos\/#website","url":"https:\/\/resilioconsultores.com\/cursos\/","name":"Academia Virtual","description":"Formaci\u00f3n de Alto Valor","publisher":{"@id":"https:\/\/resilioconsultores.com\/cursos\/#organization"},"potentialAction":[{"@type":"SearchAction","target":{"@type":"EntryPoint","urlTemplate":"https:\/\/resilioconsultores.com\/cursos\/?s={search_term_string}"},"query-input":"required name=search_term_string"}],"inLanguage":"es"},{"@type":"Organization","@id":"https:\/\/resilioconsultores.com\/cursos\/#organization","name":"Academia Virtual","url":"https:\/\/resilioconsultores.com\/cursos\/","sameAs":[],"logo":{"@type":"ImageObject","inLanguage":"es","@id":"https:\/\/resilioconsultores.com\/cursos\/#\/schema\/logo\/image\/","url":"https:\/\/resilioconsultores.s3-accelerate.amazonaws.com\/2021\/08\/cropped-LOGO-RESILIO-PARA-WEB.png","contentUrl":"https:\/\/resilioconsultores.s3-accelerate.amazonaws.com\/2021\/08\/cropped-LOGO-RESILIO-PARA-WEB.png","width":333,"height":221,"caption":"Academia Virtual"},"image":{"@id":"https:\/\/resilioconsultores.com\/cursos\/#\/schema\/logo\/image\/"}}]}},"_links":{"self":[{"href":"https:\/\/resilioconsultores.com\/cursos\/wp-json\/wp\/v2\/pages\/8"}],"collection":[{"href":"https:\/\/resilioconsultores.com\/cursos\/wp-json\/wp\/v2\/pages"}],"about":[{"href":"https:\/\/resilioconsultores.com\/cursos\/wp-json\/wp\/v2\/types\/page"}],"author":[{"embeddable":true,"href":"https:\/\/resilioconsultores.com\/cursos\/wp-json\/wp\/v2\/users\/1"}],"replies":[{"embeddable":true,"href":"https:\/\/resilioconsultores.com\/cursos\/wp-json\/wp\/v2\/comments?post=8"}],"version-history":[{"count":0,"href":"https:\/\/resilioconsultores.com\/cursos\/wp-json\/wp\/v2\/pages\/8\/revisions"}],"wp:attachment":[{"href":"https:\/\/resilioconsultores.com\/cursos\/wp-json\/wp\/v2\/media?parent=8"}],"curies":[{"name":"wp","href":"https:\/\/api.w.org\/{rel}","templated":true}]}}